{"id":30,"date":"2020-07-22T01:18:43","date_gmt":"2020-07-22T01:18:43","guid":{"rendered":"http:\/\/www.reduii.org\/graduadosuii\/?page_id=30"},"modified":"2020-08-13T19:47:04","modified_gmt":"2020-08-13T19:47:04","slug":"sobre-reduii","status":"publish","type":"page","link":"https:\/\/www.reduii.org\/graduadosuii\/sobre-reduii\/","title":{"rendered":"Sobre la RED UII"},"content":{"rendered":"<p>[et_pb_section fb_built=\u00bb1&#8243; next_background_color=\u00bb#ffffff\u00bb admin_label=\u00bbHero Section\u00bb _builder_version=\u00bb3.22&#8243; use_background_color_gradient=\u00bbon\u00bb background_color_gradient_start=\u00bbrgba(0,0,0,0.4)\u00bb background_color_gradient_end=\u00bbrgba(0,0,0,0.4)\u00bb background_color_gradient_overlays_image=\u00bbon\u00bb background_image=\u00bbhttp:\/\/www.reduii.org\/graduadosuii\/wp-content\/uploads\/2020\/07\/writer-02.jpg\u00bb background_position=\u00bbcenter_right\u00bb custom_padding=\u00bb6%||6%|\u00bb bottom_divider_style=\u00bbslant\u00bb bottom_divider_height=\u00bb60px\u00bb background_color_gradient_direction__hover=\u00bb180deg\u00bb background_color_gradient_direction__hover_enabled=\u00bb180deg\u00bb background_color_gradient_start_position__hover=\u00bb0%\u00bb background_color_gradient_start_position__hover_enabled=\u00bb0%\u00bb background_color_gradient_end_position__hover=\u00bb100%\u00bb background_color_gradient_end_position__hover_enabled=\u00bb100%\u00bb][et_pb_row admin_label=\u00bbPage Title Area\u00bb _builder_version=\u00bb3.25&#8243;][et_pb_column type=\u00bb4_4&#8243; _builder_version=\u00bb3.25&#8243; custom_padding=\u00bb|||\u00bb custom_padding__hover=\u00bb|||\u00bb][et_pb_text admin_label=\u00bbHero Section Title\u00bb _builder_version=\u00bb3.27.4&#8243; text_font=\u00bbMontserrat||||||||\u00bb text_font_size=\u00bb18px\u00bb text_line_height=\u00bb1.8em\u00bb header_font=\u00bbMontserrat|600||on|||||\u00bb header_font_size=\u00bb48px\u00bb header_letter_spacing=\u00bb3px\u00bb header_line_height=\u00bb1.3em\u00bb header_2_font=\u00bbMontserrat|700|||||||\u00bb header_2_text_color=\u00bbrgba(255,255,255,0.6)\u00bb header_2_font_size=\u00bb90px\u00bb header_2_letter_spacing=\u00bb3px\u00bb header_2_line_height=\u00bb1.1em\u00bb text_orientation=\u00bbcenter\u00bb background_layout=\u00bbdark\u00bb max_width=\u00bb700px\u00bb module_alignment=\u00bbcenter\u00bb custom_margin=\u00bb|||\u00bb animation_style=\u00bbfade\u00bb animation_direction=\u00bbbottom\u00bb header_font_size_tablet=\u00bb\u00bb header_font_size_phone=\u00bb28px\u00bb header_font_size_last_edited=\u00bbon|phone\u00bb header_2_font_size_tablet=\u00bb\u00bb header_2_font_size_phone=\u00bb50px\u00bb header_2_font_size_last_edited=\u00bbon|phone\u00bb]<\/p>\n<h1>SOBRE LA REuii<\/h1>\n<p>&nbsp;<\/p>\n<p>[\/et_pb_text][\/et_pb_column][\/et_pb_row][\/et_pb_section][et_pb_section fb_built=\u00bb1&#8243; admin_label=\u00bbAbout Me Section\u00bb _builder_version=\u00bb3.22&#8243; custom_padding=\u00bb41px||17px|||\u00bb][et_pb_row admin_label=\u00bbTitle Area\u00bb _builder_version=\u00bb3.25&#8243; custom_margin=\u00bb|||\u00bb custom_padding=\u00bb||0px|\u00bb][et_pb_column type=\u00bb4_4&#8243; _builder_version=\u00bb3.25&#8243; custom_padding=\u00bb|||\u00bb custom_padding__hover=\u00bb|||\u00bb][et_pb_text admin_label=\u00bbTitle\u00bb _builder_version=\u00bb4.5.6&#8243; text_font=\u00bb||||||||\u00bb text_letter_spacing=\u00bb1px\u00bb text_line_height=\u00bb1.9em\u00bb ol_text_align=\u00bbcenter\u00bb header_font=\u00bb||||||||\u00bb header_2_font=\u00bbMontserrat|600||on|||||\u00bb header_2_text_align=\u00bbcenter\u00bb header_2_font_size=\u00bb30px\u00bb max_width=\u00bb100%\u00bb custom_margin=\u00bb||5px|\u00bb custom_padding=\u00bb4px||16px|||\u00bb animation_style=\u00bbslide\u00bb animation_direction=\u00bbtop\u00bb animation_intensity_slide=\u00bb20%\u00bb animation_starting_opacity=\u00bb100%\u00bb]<\/p>\n<h4 style=\"text-align: center;\"><span style=\"color: #cc6c00;\"><strong>En el per\u00edodo comprendido entre 2007-2020\u00a0la UII ha Graduado un total de\u00a02.471\u00a0\u00a0<\/strong><\/span><\/h4>\n<h4 style=\"text-align: center;\"><span style=\"color: #cc6c00;\"><strong>Profesionales y L\u00edderes ind\u00edgenas y no ind\u00edgenas<\/strong><\/span><\/h4>\n<p>[\/et_pb_text][et_pb_divider show_divider=\u00bboff\u00bb _builder_version=\u00bb3.2&#8243; max_width=\u00bb23px\u00bb module_alignment=\u00bbcenter\u00bb animation_style=\u00bbslide\u00bb animation_intensity_slide=\u00bb20%\u00bb animation_starting_opacity=\u00bb100%\u00bb][\/et_pb_divider][\/et_pb_column][\/et_pb_row][et_pb_row column_structure=\u00bb1_2,1_4,1_4&#8243; admin_label=\u00bbAbout Me Area\u00bb _builder_version=\u00bb3.25&#8243;][et_pb_column type=\u00bb1_2&#8243; _builder_version=\u00bb3.25&#8243; custom_padding=\u00bb|||\u00bb custom_padding__hover=\u00bb|||\u00bb][et_pb_text _builder_version=\u00bb3.27.4&#8243; text_font=\u00bb||||||||\u00bb text_font_size=\u00bb16px\u00bb text_line_height=\u00bb1.8em\u00bb header_font=\u00bb||||||||\u00bb max_width=\u00bb90%\u00bb custom_margin=\u00bb|||\u00bb animation_style=\u00bbflip\u00bb animation_direction=\u00bbleft\u00bb animation_intensity_flip=\u00bb30%\u00bb animation_starting_opacity=\u00bb100%\u00bb]<\/p>\n<p>Desde 2007, el Fondo para el Desarrollo de los Pueblos Ind\u00edgenas de Am\u00e9rica Latina y El Caribe (FILAC), implementa el Programa de Educaci\u00f3n para la Equidad, que tiene como eje transversal permanente las perspectivas de g\u00e9nero e intergeneracional que promueve procesos de formaci\u00f3n, investigaci\u00f3n, construcci\u00f3n, sistematizaci\u00f3n y difusi\u00f3n de los conocimientos, saberes y tecnolog\u00edas propias para hombres y mujeres ind\u00edgenas desde epistemolog\u00edas y metodolog\u00edas ancestrales e interculturales a trav\u00e9s del di\u00e1logo horizontal de conocimientos y saberes.<\/p>\n<p>\u00a0Tambi\u00e9n busca incidir en instituciones estatales en la producci\u00f3n de conocimiento bajo condiciones paritarias para la transformaci\u00f3n de los Estados, es decir, producir conocimiento para la interculturalidad.\u00a0<\/p>\n<p>[\/et_pb_text][\/et_pb_column][et_pb_column type=\u00bb1_4&#8243; _builder_version=\u00bb3.25&#8243; custom_padding=\u00bb|||\u00bb custom_padding__hover=\u00bb|||\u00bb][et_pb_number_counter title=\u00bbGraduados\/as al 2020&#8243; number=\u00bb2471&#8243; percent_sign=\u00bboff\u00bb _builder_version=\u00bb4.5.1&#8243; title_font=\u00bb||||||||\u00bb title_text_color=\u00bb#666666&#8243; number_font=\u00bbMontserrat|600|||||||\u00bb number_text_color=\u00bb#2a2a2a\u00bb number_font_size=\u00bb48px\u00bb number_line_height=\u00bb100px\u00bb background_color=\u00bb#ffffff\u00bb custom_padding=\u00bb10px||30px|\u00bb animation_style=\u00bbslide\u00bb animation_direction=\u00bbleft\u00bb animation_intensity_slide=\u00bb20%\u00bb animation_starting_opacity=\u00bb100%\u00bb border_radii=\u00bbon|3px|3px|3px|3px\u00bb border_width_left=\u00bb6px\u00bb border_color_left=\u00bb#01dbb9&#8243; box_shadow_style=\u00bbpreset2&#8243; box_shadow_horizontal=\u00bb0px\u00bb box_shadow_vertical=\u00bb7px\u00bb box_shadow_blur=\u00bb23px\u00bb box_shadow_color=\u00bbrgba(0,0,0,0.05)\u00bb][\/et_pb_number_counter][et_pb_number_counter title=\u00bbMujeres egresadas\u00bb number=\u00bb1329&#8243; percent_sign=\u00bboff\u00bb _builder_version=\u00bb4.5.1&#8243; title_font=\u00bb||||||||\u00bb title_text_color=\u00bb#666666&#8243; number_font=\u00bbMontserrat|600|||||||\u00bb number_text_color=\u00bb#2a2a2a\u00bb number_font_size=\u00bb48px\u00bb number_line_height=\u00bb100px\u00bb background_color=\u00bb#ffffff\u00bb custom_padding=\u00bb10px||30px|\u00bb animation_style=\u00bbslide\u00bb animation_direction=\u00bbbottom\u00bb animation_intensity_slide=\u00bb20%\u00bb animation_starting_opacity=\u00bb100%\u00bb border_radii=\u00bbon|3px|3px|3px|3px\u00bb border_width_left=\u00bb6px\u00bb border_color_left=\u00bb#0060e5&#8243; box_shadow_style=\u00bbpreset2&#8243; box_shadow_horizontal=\u00bb0px\u00bb box_shadow_vertical=\u00bb7px\u00bb box_shadow_blur=\u00bb23px\u00bb box_shadow_color=\u00bbrgba(0,0,0,0.05)\u00bb][\/et_pb_number_counter][\/et_pb_column][et_pb_column type=\u00bb1_4&#8243; _builder_version=\u00bb3.25&#8243; custom_padding=\u00bb|||\u00bb custom_padding__hover=\u00bb|||\u00bb][et_pb_number_counter title=\u00bbCursos al 2020&#8243; number=\u00bb59&#8243; percent_sign=\u00bboff\u00bb _builder_version=\u00bb4.5.1&#8243; title_font=\u00bb||||||||\u00bb title_text_color=\u00bb#666666&#8243; number_font=\u00bbMontserrat|600|||||||\u00bb number_text_color=\u00bb#2a2a2a\u00bb number_font_size=\u00bb48px\u00bb number_line_height=\u00bb100px\u00bb background_color=\u00bb#ffffff\u00bb custom_padding=\u00bb10px||30px|\u00bb animation_style=\u00bbslide\u00bb animation_direction=\u00bbtop\u00bb animation_intensity_slide=\u00bb20%\u00bb animation_starting_opacity=\u00bb100%\u00bb border_radii=\u00bbon|3px|3px|3px|3px\u00bb border_width_left=\u00bb6px\u00bb border_color_left=\u00bb#00a1d7&#8243; box_shadow_style=\u00bbpreset2&#8243; box_shadow_horizontal=\u00bb0px\u00bb box_shadow_vertical=\u00bb7px\u00bb box_shadow_blur=\u00bb23px\u00bb box_shadow_color=\u00bbrgba(0,0,0,0.05)\u00bb][\/et_pb_number_counter][et_pb_number_counter title=\u00bbHombres egresados\u00bb number=\u00bb1142&#8243; percent_sign=\u00bboff\u00bb _builder_version=\u00bb4.5.1&#8243; title_font=\u00bb||||||||\u00bb title_text_color=\u00bb#666666&#8243; number_font=\u00bbMontserrat|600|||||||\u00bb number_text_color=\u00bb#2a2a2a\u00bb number_font_size=\u00bb48px\u00bb number_line_height=\u00bb100px\u00bb background_color=\u00bb#ffffff\u00bb custom_padding=\u00bb10px||30px|\u00bb animation_style=\u00bbslide\u00bb animation_direction=\u00bbright\u00bb animation_intensity_slide=\u00bb20%\u00bb animation_starting_opacity=\u00bb100%\u00bb border_radii=\u00bbon|3px|3px|3px|3px\u00bb border_width_left=\u00bb6px\u00bb border_color_left=\u00bb#fe6c00&#8243; box_shadow_style=\u00bbpreset2&#8243; box_shadow_horizontal=\u00bb0px\u00bb box_shadow_vertical=\u00bb7px\u00bb box_shadow_blur=\u00bb23px\u00bb box_shadow_color=\u00bbrgba(0,0,0,0.05)\u00bb][\/et_pb_number_counter][\/et_pb_column][\/et_pb_row][\/et_pb_section][et_pb_section fb_built=\u00bb1&#8243; admin_label=\u00bbMy Skills Section\u00bb _builder_version=\u00bb3.22&#8243; custom_padding=\u00bb18px||35px|||\u00bb][et_pb_row admin_label=\u00bbSection Title\u00bb _builder_version=\u00bb3.25&#8243; custom_margin=\u00bb|||\u00bb custom_padding=\u00bb||0px|\u00bb locked=\u00bboff\u00bb][et_pb_column type=\u00bb4_4&#8243; _builder_version=\u00bb3.25&#8243; custom_padding=\u00bb|||\u00bb custom_padding__hover=\u00bb|||\u00bb][et_pb_text admin_label=\u00bbTitle\u00bb _builder_version=\u00bb4.5.6&#8243; text_font=\u00bb||||||||\u00bb header_font=\u00bb||||||||\u00bb header_2_font=\u00bbMontserrat|600||on|||||\u00bb header_2_text_align=\u00bbcenter\u00bb header_2_font_size=\u00bb30px\u00bb custom_margin=\u00bb||5px|\u00bb animation_style=\u00bbslide\u00bb animation_direction=\u00bbtop\u00bb animation_intensity_slide=\u00bb20%\u00bb animation_starting_opacity=\u00bb100%\u00bb]<\/p>\n<h2><span>Datos por Gesti\u00f3n<\/span><\/h2>\n<p>[\/et_pb_text][et_pb_divider show_divider=\u00bboff\u00bb _builder_version=\u00bb3.2&#8243; max_width=\u00bb23px\u00bb module_alignment=\u00bbcenter\u00bb animation_style=\u00bbslide\u00bb animation_intensity_slide=\u00bb20%\u00bb animation_starting_opacity=\u00bb100%\u00bb][\/et_pb_divider][et_pb_image src=\u00bbhttp:\/\/www.reduii.org\/graduadosuii\/wp-content\/uploads\/2020\/07\/gestion-1.png\u00bb title_text=\u00bbgestion\u00bb _builder_version=\u00bb4.5.6&#8243; _module_preset=\u00bbdefault\u00bb][\/et_pb_image][et_pb_text admin_label=\u00bbTitle\u00bb _builder_version=\u00bb3.27.4&#8243; text_font=\u00bbMontserrat|300|||||||\u00bb text_text_color=\u00bb#878787&#8243; text_font_size=\u00bb25px\u00bb text_line_height=\u00bb1.8em\u00bb link_font=\u00bb||||on|||#f46624|\u00bb link_text_color=\u00bb#333333&#8243; header_font=\u00bb||||||||\u00bb header_2_font=\u00bbMontserrat|600||on|||||\u00bb header_2_text_align=\u00bbcenter\u00bb header_2_font_size=\u00bb30px\u00bb text_orientation=\u00bbcenter\u00bb max_width=\u00bb800px\u00bb module_alignment=\u00bbcenter\u00bb custom_margin=\u00bb||40px|\u00bb animation_style=\u00bbslide\u00bb animation_direction=\u00bbtop\u00bb animation_intensity_slide=\u00bb20%\u00bb animation_starting_opacity=\u00bb100%\u00bb inline_fonts=\u00bbBigshot One\u00bb]<\/p>\n<h4><\/h4>\n<p>[\/et_pb_text][\/et_pb_column][\/et_pb_row][et_pb_row column_structure=\u00bb1_2,1_2&#8243; admin_label=\u00bbMy Skills Area\u00bb _builder_version=\u00bb3.25&#8243;][et_pb_column type=\u00bb1_2&#8243; _builder_version=\u00bb3.25&#8243; custom_padding=\u00bb|||\u00bb custom_padding__hover=\u00bb|||\u00bb][et_pb_text admin_label=\u00bbTitle\u00bb _builder_version=\u00bb4.5.1&#8243; text_font=\u00bb||||||||\u00bb header_font=\u00bb||||||||\u00bb header_2_font=\u00bbMontserrat|600||on|||||\u00bb header_2_text_align=\u00bbcenter\u00bb header_2_font_size=\u00bb30px\u00bb custom_margin=\u00bb||5px|\u00bb animation_style=\u00bbslide\u00bb animation_direction=\u00bbtop\u00bb animation_intensity_slide=\u00bb20%\u00bb animation_starting_opacity=\u00bb100%\u00bb]<\/p>\n<h2><span style=\"color: #e09900;\">Datos por G\u00e9nero<\/span><\/h2>\n<p>[\/et_pb_text][et_pb_image src=\u00bbhttp:\/\/www.reduii.org\/graduadosuii\/wp-content\/uploads\/2020\/07\/genero-1.png\u00bb title_text=\u00bbgenero\u00bb _builder_version=\u00bb4.5.6&#8243; _module_preset=\u00bbdefault\u00bb][\/et_pb_image][\/et_pb_column][et_pb_column type=\u00bb1_2&#8243; _builder_version=\u00bb4.5.1&#8243; _module_preset=\u00bbdefault\u00bb][et_pb_text admin_label=\u00bbTitle\u00bb _builder_version=\u00bb4.5.1&#8243; text_font=\u00bb||||||||\u00bb header_font=\u00bb||||||||\u00bb header_2_font=\u00bbMontserrat|600||on|||||\u00bb header_2_text_align=\u00bbcenter\u00bb header_2_font_size=\u00bb30px\u00bb custom_margin=\u00bb||5px|\u00bb custom_padding=\u00bb6px|||||\u00bb animation_style=\u00bbslide\u00bb animation_direction=\u00bbtop\u00bb animation_intensity_slide=\u00bb20%\u00bb animation_starting_opacity=\u00bb100%\u00bb]<\/p>\n<h2><span style=\"color: #e09900;\">Datos por Pa\u00eds<\/span><\/h2>\n<p>[\/et_pb_text][et_pb_image src=\u00bbhttp:\/\/www.reduii.org\/graduadosuii\/wp-content\/uploads\/2020\/07\/pais.png\u00bb title_text=\u00bbpais\u00bb _builder_version=\u00bb4.5.6&#8243; _module_preset=\u00bbdefault\u00bb][\/et_pb_image][\/et_pb_column][\/et_pb_row][\/et_pb_section]<\/p>\n","protected":false},"excerpt":{"rendered":"<p>[et_pb_section fb_built=\u00bb1&#8243; next_background_color=\u00bb#ffffff\u00bb admin_label=\u00bbHero Section\u00bb _builder_version=\u00bb3.22&#8243; use_background_color_gradient=\u00bbon\u00bb background_color_gradient_start=\u00bbrgba(0,0,0,0.4)\u00bb background_color_gradient_end=\u00bbrgba(0,0,0,0.4)\u00bb background_color_gradient_overlays_image=\u00bbon\u00bb background_image=\u00bbhttp:\/\/www.reduii.org\/graduadosuii\/wp-content\/uploads\/2020\/07\/writer-02.jpg\u00bb background_position=\u00bbcenter_right\u00bb custom_padding=\u00bb6%||6%|\u00bb bottom_divider_style=\u00bbslant\u00bb bottom_divider_height=\u00bb60px\u00bb background_color_gradient_direction__hover=\u00bb180deg\u00bb background_color_gradient_direction__hover_enabled=\u00bb180deg\u00bb background_color_gradient_start_position__hover=\u00bb0%\u00bb background_color_gradient_start_position__hover_enabled=\u00bb0%\u00bb background_color_gradient_end_position__hover=\u00bb100%\u00bb background_color_gradient_end_position__hover_enabled=\u00bb100%\u00bb][et_pb_row admin_label=\u00bbPage Title Area\u00bb _builder_version=\u00bb3.25&#8243;][et_pb_column type=\u00bb4_4&#8243; _builder_version=\u00bb3.25&#8243; custom_padding=\u00bb|||\u00bb custom_padding__hover=\u00bb|||\u00bb][et_pb_text admin_label=\u00bbHero Section Title\u00bb _builder_version=\u00bb3.27.4&#8243; text_font=\u00bbMontserrat||||||||\u00bb text_font_size=\u00bb18px\u00bb text_line_height=\u00bb1.8em\u00bb header_font=\u00bbMontserrat|600||on|||||\u00bb header_font_size=\u00bb48px\u00bb header_letter_spacing=\u00bb3px\u00bb header_line_height=\u00bb1.3em\u00bb header_2_font=\u00bbMontserrat|700|||||||\u00bb header_2_text_color=\u00bbrgba(255,255,255,0.6)\u00bb header_2_font_size=\u00bb90px\u00bb header_2_letter_spacing=\u00bb3px\u00bb header_2_line_height=\u00bb1.1em\u00bb text_orientation=\u00bbcenter\u00bb background_layout=\u00bbdark\u00bb max_width=\u00bb700px\u00bb module_alignment=\u00bbcenter\u00bb custom_margin=\u00bb|||\u00bb animation_style=\u00bbfade\u00bb animation_direction=\u00bbbottom\u00bb header_font_size_tablet=\u00bb\u00bb header_font_size_phone=\u00bb28px\u00bb header_font_size_last_edited=\u00bbon|phone\u00bb [&hellip;]<\/p>\n","protected":false},"author":1,"featured_media":0,"parent":0,"menu_order":0,"comment_status":"closed","ping_status":"closed","template":"","meta":{"_et_pb_use_builder":"on","_et_pb_old_content":"","_et_gb_content_width":"","footnotes":""},"class_list":["post-30","page","type-page","status-publish","hentry"],"_links":{"self":[{"href":"https:\/\/www.reduii.org\/graduadosuii\/wp-json\/wp\/v2\/pages\/30","targetHints":{"allow":["GET"]}}],"collection":[{"href":"https:\/\/www.reduii.org\/graduadosuii\/wp-json\/wp\/v2\/pages"}],"about":[{"href":"https:\/\/www.reduii.org\/graduadosuii\/wp-json\/wp\/v2\/types\/page"}],"author":[{"embeddable":true,"href":"https:\/\/www.reduii.org\/graduadosuii\/wp-json\/wp\/v2\/users\/1"}],"replies":[{"embeddable":true,"href":"https:\/\/www.reduii.org\/graduadosuii\/wp-json\/wp\/v2\/comments?post=30"}],"version-history":[{"count":0,"href":"https:\/\/www.reduii.org\/graduadosuii\/wp-json\/wp\/v2\/pages\/30\/revisions"}],"wp:attachment":[{"href":"https:\/\/www.reduii.org\/graduadosuii\/wp-json\/wp\/v2\/media?parent=30"}],"curies":[{"name":"wp","href":"https:\/\/api.w.org\/{rel}","templated":true}]}}