{"id":8,"date":"2020-07-22T00:52:44","date_gmt":"2020-07-22T00:52:44","guid":{"rendered":"http:\/\/www.reduii.org\/graduadosuii\/?page_id=8"},"modified":"2020-08-13T17:59:03","modified_gmt":"2020-08-13T17:59:03","slug":"home","status":"publish","type":"page","link":"https:\/\/www.reduii.org\/graduadosuii\/","title":{"rendered":"home"},"content":{"rendered":"<p>[et_pb_section fb_built=\u00bb1&#8243; next_background_color=\u00bb#f7f7f7&#8243; admin_label=\u00bbHero Section\u00bb _builder_version=\u00bb4.5.1&#8243; background_image=\u00bbhttp:\/\/www.reduii.org\/graduadosuii\/wp-content\/uploads\/2020\/07\/writer-06-1024&#215;611-FINALisimo.jpg\u00bb background_position=\u00bbcenter_right\u00bb min_height=\u00bb550px\u00bb custom_margin=\u00bb||6px|||\u00bb custom_padding=\u00bb8.2%||9.2%|||\u00bb bottom_divider_style=\u00bbslant\u00bb bottom_divider_height=\u00bb60px\u00bb background_color_gradient_direction__hover=\u00bb180deg\u00bb background_color_gradient_direction__hover_enabled=\u00bb180deg\u00bb background_color_gradient_start_position__hover=\u00bb0%\u00bb background_color_gradient_start_position__hover_enabled=\u00bb0%\u00bb background_color_gradient_end_position__hover=\u00bb100%\u00bb background_color_gradient_end_position__hover_enabled=\u00bb100%\u00bb][et_pb_row _builder_version=\u00bb3.25&#8243; background_size=\u00bbinitial\u00bb background_position=\u00bbtop_left\u00bb background_repeat=\u00bbrepeat\u00bb][et_pb_column type=\u00bb4_4&#8243; _builder_version=\u00bb3.25&#8243; custom_padding=\u00bb|||\u00bb custom_padding__hover=\u00bb|||\u00bb][et_pb_text admin_label=\u00bbHero Section Title\u00bb _builder_version=\u00bb4.5.1&#8243; text_font=\u00bb|||on|||||\u00bb text_font_size=\u00bb30px\u00bb header_font=\u00bbMontserrat|600|||||||\u00bb header_font_size=\u00bb29px\u00bb header_letter_spacing=\u00bb2px\u00bb header_line_height=\u00bb1.3em\u00bb header_2_font=\u00bbMontserrat|700|||||||\u00bb header_2_text_color=\u00bbrgba(255,255,255,0.6)\u00bb header_2_font_size=\u00bb90px\u00bb header_2_letter_spacing=\u00bb3px\u00bb header_2_line_height=\u00bb1.1em\u00bb text_orientation=\u00bbcenter\u00bb background_layout=\u00bbdark\u00bb module_alignment=\u00bbcenter\u00bb custom_margin=\u00bb||60px|\u00bb animation_style=\u00bbslide\u00bb animation_direction=\u00bbbottom\u00bb animation_intensity_slide=\u00bb5%\u00bb header_font_size_tablet=\u00bb\u00bb header_font_size_phone=\u00bb28px\u00bb header_font_size_last_edited=\u00bbon|phone\u00bb header_2_font_size_tablet=\u00bb\u00bb header_2_font_size_phone=\u00bb50px\u00bb header_2_font_size_last_edited=\u00bbon|phone\u00bb]<\/p>\n<h1><strong>SABERES Y CONOCIMIENTOS PARA <\/strong><\/h1>\n<h1><strong>EL BUEN VIVIR &#8211; VIVIR BIEN<\/strong><\/h1>\n<p>[\/et_pb_text][et_pb_button button_text=\u00bbBienvenido\u00bb button_alignment=\u00bbcenter\u00bb _builder_version=\u00bb4.5.1&#8243; custom_button=\u00bbon\u00bb button_text_size=\u00bb16px\u00bb button_text_color=\u00bb#ffffff\u00bb button_bg_color=\u00bb#f16334&#8243; button_border_width=\u00bb0px\u00bb button_letter_spacing=\u00bb2px\u00bb button_font=\u00bbMontserrat|600||on|||||\u00bb custom_margin=\u00bb|||\u00bb custom_padding=\u00bb12px||12px|\u00bb animation_style=\u00bbfade\u00bb button_letter_spacing_hover=\u00bb2px\u00bb button_text_size__hover_enabled=\u00bboff\u00bb button_one_text_size__hover_enabled=\u00bboff\u00bb button_two_text_size__hover_enabled=\u00bboff\u00bb button_text_color__hover_enabled=\u00bboff\u00bb button_one_text_color__hover_enabled=\u00bboff\u00bb button_two_text_color__hover_enabled=\u00bboff\u00bb button_border_width__hover_enabled=\u00bboff\u00bb button_one_border_width__hover_enabled=\u00bboff\u00bb button_two_border_width__hover_enabled=\u00bboff\u00bb button_border_color__hover_enabled=\u00bboff\u00bb button_one_border_color__hover_enabled=\u00bboff\u00bb button_two_border_color__hover_enabled=\u00bboff\u00bb button_border_radius__hover_enabled=\u00bboff\u00bb button_one_border_radius__hover_enabled=\u00bboff\u00bb button_two_border_radius__hover_enabled=\u00bboff\u00bb button_letter_spacing__hover_enabled=\u00bbon\u00bb button_letter_spacing__hover=\u00bb2px\u00bb button_one_letter_spacing__hover_enabled=\u00bboff\u00bb button_two_letter_spacing__hover_enabled=\u00bboff\u00bb button_bg_color__hover_enabled=\u00bboff\u00bb button_one_bg_color__hover_enabled=\u00bboff\u00bb button_two_bg_color__hover_enabled=\u00bboff\u00bb][\/et_pb_button][\/et_pb_column][\/et_pb_row][\/et_pb_section][et_pb_section fb_built=\u00bb1&#8243; admin_label=\u00bbAbout Section\u00bb _builder_version=\u00bb3.22&#8243; background_color=\u00bb#f7f7f7&#8243; custom_padding=\u00bb33px||33px|||\u00bb custom_margin=\u00bb-5px|||||\u00bb][et_pb_row admin_label=\u00bbSection Title\u00bb _builder_version=\u00bb3.25&#8243; custom_margin=\u00bb|auto|15px|auto||\u00bb custom_padding=\u00bb22px||0px|||\u00bb][et_pb_column type=\u00bb4_4&#8243; _builder_version=\u00bb3.25&#8243; custom_padding=\u00bb|||\u00bb custom_padding__hover=\u00bb|||\u00bb][et_pb_text admin_label=\u00bbTitle\u00bb _builder_version=\u00bb4.5.1&#8243; text_font=\u00bb||||||||\u00bb header_font=\u00bb||||||||\u00bb header_2_font=\u00bbMontserrat|600||on|||||\u00bb header_2_text_align=\u00bbcenter\u00bb header_2_font_size=\u00bb30px\u00bb custom_margin=\u00bb||5px|\u00bb animation_style=\u00bbslide\u00bb animation_direction=\u00bbtop\u00bb animation_intensity_slide=\u00bb20%\u00bb animation_starting_opacity=\u00bb100%\u00bb]<\/p>\n<h2><span style=\"color: #ff6600;\">Acerca de Nosotros<\/span><\/h2>\n<p>[\/et_pb_text][et_pb_divider show_divider=\u00bboff\u00bb _builder_version=\u00bb3.2&#8243; max_width=\u00bb23px\u00bb module_alignment=\u00bbcenter\u00bb animation_style=\u00bbslide\u00bb animation_direction=\u00bbtop\u00bb animation_intensity_slide=\u00bb20%\u00bb animation_starting_opacity=\u00bb100%\u00bb][\/et_pb_divider][\/et_pb_column][\/et_pb_row][et_pb_row column_structure=\u00bb1_3,1_3,1_3&#8243; admin_label=\u00bbService Area\u00bb _builder_version=\u00bb3.25&#8243;][et_pb_column type=\u00bb1_3&#8243; _builder_version=\u00bb3.25&#8243; custom_padding=\u00bb|||\u00bb custom_padding__hover=\u00bb|||\u00bb][et_pb_blurb title=\u00bbEstad\u00edsticas Egresados UII\u00bb use_icon=\u00bbon\u00bb font_icon=\u00bb%%74%%\u00bb icon_color=\u00bb#898989&#8243; icon_placement=\u00bbleft\u00bb _builder_version=\u00bb4.5.1&#8243; header_font=\u00bbMontserrat|600|||||||\u00bb header_font_size=\u00bb20px\u00bb body_font=\u00bb||||||||\u00bb body_font_size=\u00bb16px\u00bb body_line_height=\u00bb1.8em\u00bb min_height=\u00bb144px\u00bb custom_padding=\u00bb||17px|||\u00bb animation_style=\u00bbfold\u00bb animation_direction=\u00bbbottom\u00bb animation_intensity_fold=\u00bb20%\u00bb animation_starting_opacity=\u00bb100%\u00bb]<\/p>\n<p><span>Aqu\u00ed podr\u00e1 encontrar la cantidad de graduados y los pa\u00edses de procedencia<\/span><\/p>\n<p>[\/et_pb_blurb][et_pb_button button_url=\u00bbhttp:\/\/www.reduii.org\/graduadosuii\/graduados-uii\/\u00bb button_text=\u00bbIngresar\u00bb button_alignment=\u00bbcenter\u00bb admin_label=\u00bbButton: Work Samples\u00bb _builder_version=\u00bb4.5.1&#8243; custom_button=\u00bbon\u00bb button_text_size=\u00bb16px\u00bb button_text_color=\u00bb#ffffff\u00bb button_bg_color=\u00bb#f16334&#8243; button_border_width=\u00bb0px\u00bb button_letter_spacing=\u00bb2px\u00bb button_font=\u00bbMontserrat|600||on|||||\u00bb custom_margin=\u00bb|||\u00bb custom_padding=\u00bb12px||12px|\u00bb animation_style=\u00bbfade\u00bb animation_direction=\u00bbright\u00bb button_letter_spacing_hover=\u00bb2px\u00bb locked=\u00bboff\u00bb button_text_size__hover_enabled=\u00bboff\u00bb button_one_text_size__hover_enabled=\u00bboff\u00bb button_two_text_size__hover_enabled=\u00bboff\u00bb button_text_color__hover_enabled=\u00bboff\u00bb button_one_text_color__hover_enabled=\u00bboff\u00bb button_two_text_color__hover_enabled=\u00bboff\u00bb button_border_width__hover_enabled=\u00bboff\u00bb button_one_border_width__hover_enabled=\u00bboff\u00bb button_two_border_width__hover_enabled=\u00bboff\u00bb button_border_color__hover_enabled=\u00bboff\u00bb button_one_border_color__hover_enabled=\u00bboff\u00bb button_two_border_color__hover_enabled=\u00bboff\u00bb button_border_radius__hover_enabled=\u00bboff\u00bb button_one_border_radius__hover_enabled=\u00bboff\u00bb button_two_border_radius__hover_enabled=\u00bboff\u00bb button_letter_spacing__hover_enabled=\u00bbon\u00bb button_letter_spacing__hover=\u00bb2px\u00bb button_one_letter_spacing__hover_enabled=\u00bboff\u00bb button_two_letter_spacing__hover_enabled=\u00bboff\u00bb button_bg_color__hover_enabled=\u00bboff\u00bb button_one_bg_color__hover_enabled=\u00bboff\u00bb button_two_bg_color__hover_enabled=\u00bboff\u00bb][\/et_pb_button][\/et_pb_column][et_pb_column type=\u00bb1_3&#8243; _builder_version=\u00bb3.25&#8243; custom_padding=\u00bb|||\u00bb custom_padding__hover=\u00bb|||\u00bb][et_pb_blurb title=\u00bbNuestros Trabajos\u00bb use_icon=\u00bbon\u00bb font_icon=\u00bb%%158%%\u00bb icon_color=\u00bb#898989&#8243; icon_placement=\u00bbleft\u00bb _builder_version=\u00bb4.5.1&#8243; header_font=\u00bbMontserrat|600|||||||\u00bb header_font_size=\u00bb20px\u00bb body_font=\u00bb||||||||\u00bb body_font_size=\u00bb16px\u00bb body_line_height=\u00bb1.8em\u00bb custom_margin=\u00bb||35px|||\u00bb custom_padding=\u00bb||25px|||\u00bb animation_style=\u00bbfold\u00bb animation_direction=\u00bbbottom\u00bb animation_intensity_fold=\u00bb20%\u00bb animation_starting_opacity=\u00bb100%\u00bb]<\/p>\n<p><span>En esta seccion usted podra encontrar los trabajos realizados por los graduados de la UII<\/span><\/p>\n<p>[\/et_pb_blurb][et_pb_button button_url=\u00bbhttp:\/\/www.reduii.org\/graduadosuii\/nuestros-trabajos\/\u00bb button_text=\u00bbINGRESAR\u00bb button_alignment=\u00bbcenter\u00bb admin_label=\u00bbButton: Work Samples\u00bb _builder_version=\u00bb4.5.1&#8243; custom_button=\u00bbon\u00bb button_text_size=\u00bb16px\u00bb button_text_color=\u00bb#ffffff\u00bb button_bg_color=\u00bb#f16334&#8243; button_border_width=\u00bb0px\u00bb button_letter_spacing=\u00bb2px\u00bb button_font=\u00bbMontserrat|600||on|||||\u00bb custom_margin=\u00bb|||\u00bb custom_padding=\u00bb12px||12px|\u00bb animation_style=\u00bbfade\u00bb animation_direction=\u00bbright\u00bb button_letter_spacing_hover=\u00bb2px\u00bb locked=\u00bboff\u00bb button_text_size__hover_enabled=\u00bboff\u00bb button_one_text_size__hover_enabled=\u00bboff\u00bb button_two_text_size__hover_enabled=\u00bboff\u00bb button_text_color__hover_enabled=\u00bboff\u00bb button_one_text_color__hover_enabled=\u00bboff\u00bb button_two_text_color__hover_enabled=\u00bboff\u00bb button_border_width__hover_enabled=\u00bboff\u00bb button_one_border_width__hover_enabled=\u00bboff\u00bb button_two_border_width__hover_enabled=\u00bboff\u00bb button_border_color__hover_enabled=\u00bboff\u00bb button_one_border_color__hover_enabled=\u00bboff\u00bb button_two_border_color__hover_enabled=\u00bboff\u00bb button_border_radius__hover_enabled=\u00bboff\u00bb button_one_border_radius__hover_enabled=\u00bboff\u00bb button_two_border_radius__hover_enabled=\u00bboff\u00bb button_letter_spacing__hover_enabled=\u00bbon\u00bb button_letter_spacing__hover=\u00bb2px\u00bb button_one_letter_spacing__hover_enabled=\u00bboff\u00bb button_two_letter_spacing__hover_enabled=\u00bboff\u00bb button_bg_color__hover_enabled=\u00bboff\u00bb button_one_bg_color__hover_enabled=\u00bboff\u00bb button_two_bg_color__hover_enabled=\u00bboff\u00bb][\/et_pb_button][\/et_pb_column][et_pb_column type=\u00bb1_3&#8243; _builder_version=\u00bb3.25&#8243; custom_padding=\u00bb|||\u00bb custom_padding__hover=\u00bb|||\u00bb][et_pb_blurb title=\u00bbBlogs\u00bb use_icon=\u00bbon\u00bb font_icon=\u00bb%%70%%\u00bb icon_color=\u00bb#898989&#8243; icon_placement=\u00bbleft\u00bb _builder_version=\u00bb4.5.1&#8243; header_font=\u00bbMontserrat|600|||||||\u00bb header_font_size=\u00bb20px\u00bb body_font=\u00bb||||||||\u00bb body_font_size=\u00bb16px\u00bb body_line_height=\u00bb1.8em\u00bb animation_style=\u00bbfold\u00bb animation_direction=\u00bbbottom\u00bb animation_intensity_fold=\u00bb20%\u00bb animation_starting_opacity=\u00bb100%\u00bb]<\/p>\n<p><span>En esta seccion encontras un compendio de \u00a0Noticias, Publicaciones, Eventos, Trabajo en temas de Pueblos Ind\u00edgenas, Otros\u00a0<\/span><\/p>\n<p>[\/et_pb_blurb][et_pb_button button_url=\u00bbhttp:\/\/www.reduii.org\/graduadosuii\/blog\/\u00bb button_text=\u00bbINGRESAR\u00bb button_alignment=\u00bbcenter\u00bb admin_label=\u00bbButton: Work Samples\u00bb _builder_version=\u00bb4.5.1&#8243; custom_button=\u00bbon\u00bb button_text_size=\u00bb16px\u00bb button_text_color=\u00bb#ffffff\u00bb button_bg_color=\u00bb#f16334&#8243; button_border_width=\u00bb0px\u00bb button_letter_spacing=\u00bb2px\u00bb button_font=\u00bbMontserrat|600||on|||||\u00bb custom_margin=\u00bb|||\u00bb custom_padding=\u00bb12px||12px|\u00bb animation_style=\u00bbfade\u00bb animation_direction=\u00bbright\u00bb button_letter_spacing_hover=\u00bb2px\u00bb locked=\u00bboff\u00bb button_text_size__hover_enabled=\u00bboff\u00bb button_one_text_size__hover_enabled=\u00bboff\u00bb button_two_text_size__hover_enabled=\u00bboff\u00bb button_text_color__hover_enabled=\u00bboff\u00bb button_one_text_color__hover_enabled=\u00bboff\u00bb button_two_text_color__hover_enabled=\u00bboff\u00bb button_border_width__hover_enabled=\u00bboff\u00bb button_one_border_width__hover_enabled=\u00bboff\u00bb button_two_border_width__hover_enabled=\u00bboff\u00bb button_border_color__hover_enabled=\u00bboff\u00bb button_one_border_color__hover_enabled=\u00bboff\u00bb button_two_border_color__hover_enabled=\u00bboff\u00bb button_border_radius__hover_enabled=\u00bboff\u00bb button_one_border_radius__hover_enabled=\u00bboff\u00bb button_two_border_radius__hover_enabled=\u00bboff\u00bb button_letter_spacing__hover_enabled=\u00bbon\u00bb button_letter_spacing__hover=\u00bb2px\u00bb button_one_letter_spacing__hover_enabled=\u00bboff\u00bb button_two_letter_spacing__hover_enabled=\u00bboff\u00bb button_bg_color__hover_enabled=\u00bboff\u00bb button_one_bg_color__hover_enabled=\u00bboff\u00bb button_two_bg_color__hover_enabled=\u00bboff\u00bb][\/et_pb_button][\/et_pb_column][\/et_pb_row][et_pb_row column_structure=\u00bb1_3,1_3,1_3&#8243; disabled_on=\u00bbon|on|on\u00bb admin_label=\u00bbService Area\u00bb _builder_version=\u00bb4.5.1&#8243; custom_margin=\u00bb15px|||\u00bb disabled=\u00bbon\u00bb][et_pb_column type=\u00bb1_3&#8243; _builder_version=\u00bb3.25&#8243; custom_padding=\u00bb|||\u00bb custom_padding__hover=\u00bb|||\u00bb][et_pb_blurb title=\u00bbContent Strategy\u00bb use_icon=\u00bbon\u00bb font_icon=\u00bb%%160%%\u00bb icon_color=\u00bb#898989&#8243; icon_placement=\u00bbleft\u00bb _builder_version=\u00bb3.0.91&#8243; header_font=\u00bbMontserrat|600|||||||\u00bb header_font_size=\u00bb20px\u00bb body_font=\u00bb||||||||\u00bb body_font_size=\u00bb16px\u00bb body_line_height=\u00bb1.8em\u00bb animation_style=\u00bbfold\u00bb animation_direction=\u00bbbottom\u00bb animation_intensity_fold=\u00bb20%\u00bb animation_starting_opacity=\u00bb100%\u00bb]Mauris vel quam nunc. Quisque tempor tempus aliquet. Donec egestas odio et tempor.<br \/>\n[\/et_pb_blurb][\/et_pb_column][et_pb_column type=\u00bb1_3&#8243; _builder_version=\u00bb3.25&#8243; custom_padding=\u00bb|||\u00bb custom_padding__hover=\u00bb|||\u00bb][et_pb_blurb title=\u00bbProduct Reviews\u00bb use_icon=\u00bbon\u00bb font_icon=\u00bb%%147%%\u00bb icon_color=\u00bb#898989&#8243; icon_placement=\u00bbleft\u00bb _builder_version=\u00bb3.0.91&#8243; header_font=\u00bbMontserrat|600|||||||\u00bb header_font_size=\u00bb20px\u00bb body_font=\u00bb||||||||\u00bb body_font_size=\u00bb16px\u00bb body_line_height=\u00bb1.8em\u00bb animation_style=\u00bbfold\u00bb animation_direction=\u00bbbottom\u00bb animation_intensity_fold=\u00bb20%\u00bb animation_starting_opacity=\u00bb100%\u00bb]Mauris vel quam nunc. Quisque tempor tempus aliquet. Donec egestas odio et tempor.<br \/>\n[\/et_pb_blurb][\/et_pb_column][et_pb_column type=\u00bb1_3&#8243; _builder_version=\u00bb3.25&#8243; custom_padding=\u00bb|||\u00bb custom_padding__hover=\u00bb|||\u00bb][et_pb_blurb title=\u00bbCreative Copywriting\u00bb use_icon=\u00bbon\u00bb font_icon=\u00bb%%101%%\u00bb icon_color=\u00bb#898989&#8243; icon_placement=\u00bbleft\u00bb _builder_version=\u00bb3.0.91&#8243; header_font=\u00bbMontserrat|600|||||||\u00bb header_font_size=\u00bb20px\u00bb body_font=\u00bb||||||||\u00bb body_font_size=\u00bb16px\u00bb body_line_height=\u00bb1.8em\u00bb animation_style=\u00bbfold\u00bb animation_direction=\u00bbbottom\u00bb animation_intensity_fold=\u00bb20%\u00bb animation_starting_opacity=\u00bb100%\u00bb]Mauris vel quam nunc. Quisque tempor tempus aliquet. Donec egestas odio et tempor.<br \/>\n[\/et_pb_blurb][\/et_pb_column][\/et_pb_row][\/et_pb_section][et_pb_section fb_built=\u00bb1&#8243; _builder_version=\u00bb3.22&#8243; custom_padding=\u00bb0px|0px|0px|0px\u00bb][et_pb_row column_structure=\u00bb1_2,1_2&#8243; use_custom_gutter=\u00bbon\u00bb gutter_width=\u00bb1&#8243; make_equal=\u00bbon\u00bb admin_label=\u00bbFeature Area\u00bb module_class=\u00bb et_pb_row_fullwidth\u00bb _builder_version=\u00bb4.5.1&#8243; width=\u00bb100%\u00bb width_tablet=\u00bb100%\u00bb width_phone=\u00bb\u00bb width_last_edited=\u00bbon|desktop\u00bb max_width=\u00bb100%\u00bb max_width_tablet=\u00bb100%\u00bb max_width_phone=\u00bb\u00bb max_width_last_edited=\u00bbon|desktop\u00bb custom_padding=\u00bb0px||0px|||\u00bb make_fullwidth=\u00bbon\u00bb custom_margin=\u00bb|auto|4px|auto||\u00bb][et_pb_column type=\u00bb1_2&#8243; _builder_version=\u00bb4.5.1&#8243; use_background_color_gradient=\u00bbon\u00bb background_color_gradient_start=\u00bbrgba(43,135,218,0)\u00bb background_color_gradient_end=\u00bb#f46624&#8243; background_color_gradient_direction=\u00bb105deg\u00bb background_color_gradient_start_position=\u00bb80%\u00bb background_color_gradient_end_position=\u00bb80%\u00bb background_color_gradient_overlays_image=\u00bbon\u00bb background_image=\u00bbhttp:\/\/www.reduii.org\/graduadosuii\/wp-content\/uploads\/2020\/07\/13_img-1.jpg\u00bb custom_padding=\u00bb|||\u00bb custom_padding__hover=\u00bb|||\u00bb][\/et_pb_column][et_pb_column type=\u00bb1_2&#8243; _builder_version=\u00bb3.25&#8243; background_color=\u00bb#f46624&#8243; custom_padding=\u00bb170px|10%|170px|10%\u00bb custom_padding__hover=\u00bb|||\u00bb][et_pb_text admin_label=\u00bbTitle\u00bb _builder_version=\u00bb4.5.1&#8243; text_font=\u00bb||||||||\u00bb header_font=\u00bb||||||||\u00bb header_2_font=\u00bbMontserrat|600||on|||||\u00bb header_2_font_size=\u00bb30px\u00bb header_2_line_height=\u00bb1.5em\u00bb background_layout=\u00bbdark\u00bb custom_margin=\u00bb||5px|\u00bb animation_style=\u00bbfold\u00bb animation_direction=\u00bbleft\u00bb animation_intensity_fold=\u00bb20%\u00bb animation_starting_opacity=\u00bb1000%\u00bb locked=\u00bboff\u00bb]<\/p>\n<h2>SOBRE LA RED DE EGRESADOS DE LA UII<\/h2>\n<p>[\/et_pb_text][et_pb_divider color=\u00bb#ffffff\u00bb divider_weight=\u00bb3px\u00bb _builder_version=\u00bb3.2&#8243; max_width=\u00bb23px\u00bb custom_padding=\u00bb||20px|\u00bb animation_style=\u00bbfade\u00bb locked=\u00bboff\u00bb][\/et_pb_divider][et_pb_text _builder_version=\u00bb3.27.4&#8243; text_font=\u00bb||||||||\u00bb text_font_size=\u00bb16px\u00bb text_line_height=\u00bb1.8em\u00bb background_layout=\u00bbdark\u00bb]<\/p>\n<p><span>La <em>Red de Egresados y Egresadas de la Universidad Ind\u00edgena Intercultural (REUII)<\/em> est\u00e1 conformada por los y las egresadas de los diversos programas y cursos ofrecidos por la UII desde 2007.<\/span><\/p>\n<p><span>El objetivo de esta red es construir una comunidad de aprendizajes y pr\u00e1cticas entre los y las egresadas, que permita el intercambio de experiencias, informaci\u00f3n\u00a0y redes de apoyo profesional, que refunde en beneficio de sus comunidades, pueblos\u00a0y organizaciones ind\u00edgenas.<\/span><\/p>\n<p><span>Esta red de sustenta en el compromiso de las egresadas y egresados de la UII, con las demandas y derechos de los pueblos ind\u00edgenas a nivel local, regional, nacional y internacional.\u00a0<\/span><\/p>\n<p>[\/et_pb_text][\/et_pb_column][\/et_pb_row][\/et_pb_section][et_pb_section fb_built=\u00bb1&#8243; admin_label=\u00bbFooter Section\u00bb _builder_version=\u00bb4.5.1&#8243; background_image=\u00bbhttp:\/\/www.reduii.org\/graduadosuii\/wp-content\/uploads\/2020\/07\/13_img-FINAL.jpg\u00bb background_position=\u00bbtop_center\u00bb custom_margin=\u00bb||-5px|||\u00bb custom_padding=\u00bb29px||227px|||\u00bb][et_pb_row column_structure=\u00bb1_2,1_2&#8243; admin_label=\u00bbContact Form Area\u00bb _builder_version=\u00bb3.25&#8243; custom_padding=\u00bb||0px|||\u00bb hover_enabled=\u00bb0&#8243;][et_pb_column type=\u00bb1_2&#8243; _builder_version=\u00bb3.25&#8243; custom_padding=\u00bb|||\u00bb custom_padding__hover=\u00bb|||\u00bb][et_pb_text _builder_version=\u00bb4.5.1&#8243; _module_preset=\u00bbdefault\u00bb hover_enabled=\u00bb0&#8243;]<\/p>\n<h2><strong>CONT\u00c1CTANOS<\/strong><\/h2>\n<p>[\/et_pb_text][et_pb_button button_text=\u00bbREGISTRATE\u00bb _builder_version=\u00bb4.5.6&#8243; _module_preset=\u00bbdefault\u00bb hover_enabled=\u00bb0&#8243; custom_button=\u00bbon\u00bb button_text_color=\u00bb#e09900&#8243; button_url=\u00bbhttp:\/\/www.reduii.org\/graduadosuii\/registrate\/\u00bb button_bg_color=\u00bbrgba(0,0,0,0)\u00bb button_bg_enable_color=\u00bbon\u00bb button_alignment=\u00bbleft\u00bb][\/et_pb_button][et_pb_text _builder_version=\u00bb4.5.1&#8243; text_font=\u00bb||||||||\u00bb text_text_color=\u00bb#000000&#8243; text_font_size=\u00bb16px\u00bb text_line_height=\u00bb1.8em\u00bb background_layout=\u00bbdark\u00bb custom_margin=\u00bb||-66px|||\u00bb width=\u00bb89.1%\u00bb]<\/p>\n<h4 class=\"et_pb_module_header\"><strong><span style=\"color: #000000;\">Direcci\u00f3n<\/span><\/strong><\/h4>\n<div class=\"et_pb_blurb_description\">\n<p><span style=\"color: #000000;\">Av. 20 de Octubre esquina Rosendo guiterrez\u00a0 \u2013 FILAC<\/span><\/p>\n<p><span style=\"color: #000000;\"><\/span><\/p>\n<h4 class=\"et_pb_module_header\"><strong><span style=\"color: #000000;\">Telefono<\/span><\/strong><\/h4>\n<div class=\"et_pb_blurb_description\">\n<p><span style=\"color: #000000;\">+591 2433233<\/span><\/p>\n<p><span style=\"color: #000000;\"><\/span><\/p>\n<h4 class=\"et_pb_module_header\"><strong><span style=\"color: #000000;\">Email<\/span><\/strong><\/h4>\n<div class=\"et_pb_blurb_description\">\n<p><span style=\"color: #000000;\">uii@filac.org<\/span><\/p>\n<\/div>\n<\/div>\n<\/div>\n<p>[\/et_pb_text][\/et_pb_column][et_pb_column type=\u00bb1_2&#8243; _builder_version=\u00bb3.25&#8243; custom_padding=\u00bb|||\u00bb custom_padding__hover=\u00bb|||\u00bb][\/et_pb_column][\/et_pb_row][\/et_pb_section]<\/p>\n","protected":false},"excerpt":{"rendered":"<p>[et_pb_section fb_built=\u00bb1&#8243; next_background_color=\u00bb#f7f7f7&#8243; admin_label=\u00bbHero Section\u00bb _builder_version=\u00bb4.5.1&#8243; background_image=\u00bbhttp:\/\/www.reduii.org\/graduadosuii\/wp-content\/uploads\/2020\/07\/writer-06-1024&#215;611-FINALisimo.jpg\u00bb background_position=\u00bbcenter_right\u00bb min_height=\u00bb550px\u00bb custom_margin=\u00bb||6px|||\u00bb custom_padding=\u00bb8.2%||9.2%|||\u00bb bottom_divider_style=\u00bbslant\u00bb bottom_divider_height=\u00bb60px\u00bb background_color_gradient_direction__hover=\u00bb180deg\u00bb background_color_gradient_direction__hover_enabled=\u00bb180deg\u00bb background_color_gradient_start_position__hover=\u00bb0%\u00bb background_color_gradient_start_position__hover_enabled=\u00bb0%\u00bb background_color_gradient_end_position__hover=\u00bb100%\u00bb background_color_gradient_end_position__hover_enabled=\u00bb100%\u00bb][et_pb_row _builder_version=\u00bb3.25&#8243; background_size=\u00bbinitial\u00bb background_position=\u00bbtop_left\u00bb background_repeat=\u00bbrepeat\u00bb][et_pb_column type=\u00bb4_4&#8243; _builder_version=\u00bb3.25&#8243; custom_padding=\u00bb|||\u00bb custom_padding__hover=\u00bb|||\u00bb][et_pb_text admin_label=\u00bbHero Section Title\u00bb _builder_version=\u00bb4.5.1&#8243; text_font=\u00bb|||on|||||\u00bb text_font_size=\u00bb30px\u00bb header_font=\u00bbMontserrat|600|||||||\u00bb header_font_size=\u00bb29px\u00bb header_letter_spacing=\u00bb2px\u00bb header_line_height=\u00bb1.3em\u00bb header_2_font=\u00bbMontserrat|700|||||||\u00bb header_2_text_color=\u00bbrgba(255,255,255,0.6)\u00bb header_2_font_size=\u00bb90px\u00bb header_2_letter_spacing=\u00bb3px\u00bb header_2_line_height=\u00bb1.1em\u00bb text_orientation=\u00bbcenter\u00bb background_layout=\u00bbdark\u00bb module_alignment=\u00bbcenter\u00bb custom_margin=\u00bb||60px|\u00bb animation_style=\u00bbslide\u00bb animation_direction=\u00bbbottom\u00bb animation_intensity_slide=\u00bb5%\u00bb header_font_size_tablet=\u00bb\u00bb header_font_size_phone=\u00bb28px\u00bb header_font_size_last_edited=\u00bbon|phone\u00bb header_2_font_size_tablet=\u00bb\u00bb header_2_font_size_phone=\u00bb50px\u00bb header_2_font_size_last_edited=\u00bbon|phone\u00bb] [&hellip;]<\/p>\n","protected":false},"author":1,"featured_media":0,"parent":0,"menu_order":0,"comment_status":"closed","ping_status":"closed","template":"","meta":{"_et_pb_use_builder":"on","_et_pb_old_content":"","_et_gb_content_width":"","footnotes":""},"class_list":["post-8","page","type-page","status-publish","hentry"],"_links":{"self":[{"href":"https:\/\/www.reduii.org\/graduadosuii\/wp-json\/wp\/v2\/pages\/8","targetHints":{"allow":["GET"]}}],"collection":[{"href":"https:\/\/www.reduii.org\/graduadosuii\/wp-json\/wp\/v2\/pages"}],"about":[{"href":"https:\/\/www.reduii.org\/graduadosuii\/wp-json\/wp\/v2\/types\/page"}],"author":[{"embeddable":true,"href":"https:\/\/www.reduii.org\/graduadosuii\/wp-json\/wp\/v2\/users\/1"}],"replies":[{"embeddable":true,"href":"https:\/\/www.reduii.org\/graduadosuii\/wp-json\/wp\/v2\/comments?post=8"}],"version-history":[{"count":0,"href":"https:\/\/www.reduii.org\/graduadosuii\/wp-json\/wp\/v2\/pages\/8\/revisions"}],"wp:attachment":[{"href":"https:\/\/www.reduii.org\/graduadosuii\/wp-json\/wp\/v2\/media?parent=8"}],"curies":[{"name":"wp","href":"https:\/\/api.w.org\/{rel}","templated":true}]}}